{"id":5988,"date":"2024-03-24T19:32:50","date_gmt":"2024-03-24T15:32:50","guid":{"rendered":"https:\/\/ozel.az\/?post_type=product&#038;p=5988"},"modified":"2024-03-24T19:32:50","modified_gmt":"2024-03-24T15:32:50","slug":"novruza-oz%c9%99l-r%c9%99ssamliq-d%c9%99sti-dibc%c9%99k-fiqurlu","status":"publish","type":"product","link":"https:\/\/ozel.az\/en\/product\/novruza-oz%c9%99l-r%c9%99ssamliq-d%c9%99sti-dibc%c9%99k-fiqurlu\/","title":{"rendered":"\u201cNovruza \u00d6z\u0259l\u201d r\u0259ssaml\u0131q d\u0259sti \u2013 Dib\u00e7\u0259k fiqurlu"},"content":{"rendered":"<p>Kolleksiya: \u201cNovruza \u00d6z\u0259l\u201d r\u0259ssaml\u0131q d\u0259sti \u2013 Dib\u00e7\u0259k fiqurlu<\/p>\n<p>Material: Keramika v\u0259 k\u0259tan boyama<\/p>\n<p>Qiym\u0259t: 20 AZN<\/p>\n<p>D\u0259st bar\u0259d\u0259: 1 \u0259d\u0259d dib\u00e7\u0259k fiquru, 3 \u0259d\u0259d boya, 2 f\u0131r\u00e7a, 1 k\u0259tan boyama v\u0259 1 palitra daxildir. Qutunun \u00fcz\u0259rind\u0259 d\u0259rslikl\u0259r\u0259 ke\u00e7id etm\u0259k \u00fc\u00e7\u00fcn x\u00fcsusi QR kod m\u00f6vcuddur. H\u0259min QR kodu oxudaraq izah videolar\u0131n\u0131 izl\u0259y\u0259 bil\u0259rsiniz.<\/p>\n<p>D\u0259stl\u0259ri h\u0259m sifari\u015fl\u0259, h\u0259m d\u0259 \u015fouruma yax\u0131nla\u015faraq \u0259ld\u0259 ed\u0259 bil\u0259rsiniz.<\/p>\n<p>\u00d6z\u0259l g\u00fcnl\u0259riniz \u00fc\u00e7\u00fcn \u00f6z \u0259ll\u0259rimizl\u0259 haz\u0131rlam\u0131\u015f\u0131q!<\/p>\n","protected":false},"excerpt":{"rendered":"<p>Kolleksiya: \u201cNovruza \u00d6z\u0259l\u201d r\u0259ssaml\u0131q d\u0259sti \u2013 Dib\u00e7\u0259k fiqurlu Material: Keramika v\u0259 k\u0259tan boyama Qiym\u0259t: 20 AZN D\u0259st bar\u0259d\u0259: 1 \u0259d\u0259d dib\u00e7\u0259k fiquru, 3 \u0259d\u0259d boya, 2 f\u0131r\u00e7a, 1 k\u0259tan boyama v\u0259 1 palitra daxildir. Qutunun \u00fcz\u0259rind\u0259 d\u0259rslikl\u0259r\u0259 ke\u00e7id etm\u0259k \u00fc\u00e7\u00fcn x\u00fcsusi QR kod m\u00f6vcuddur. H\u0259min QR kodu oxudaraq izah videolar\u0131n\u0131 izl\u0259y\u0259 bil\u0259rsiniz. D\u0259stl\u0259ri h\u0259m sifari\u015fl\u0259, [&hellip;]<\/p>\n","protected":false},"featured_media":5989,"comment_status":"open","ping_status":"closed","template":"","meta":[],"product_cat":[136],"product_tag":[108,103,99,137],"class_list":["post-5988","product","type-product","status-publish","has-post-thumbnail","hentry","product_cat-rssamliq-dstlri","product_tag-dst","product_tag-hdiyy","product_tag-keramika","product_tag-rssamliq"],"_links":{"self":[{"href":"https:\/\/ozel.az\/en\/wp-json\/wp\/v2\/product\/5988","targetHints":{"allow":["GET"]}}],"collection":[{"href":"https:\/\/ozel.az\/en\/wp-json\/wp\/v2\/product"}],"about":[{"href":"https:\/\/ozel.az\/en\/wp-json\/wp\/v2\/types\/product"}],"replies":[{"embeddable":true,"href":"https:\/\/ozel.az\/en\/wp-json\/wp\/v2\/comments?post=5988"}],"wp:featuredmedia":[{"embeddable":true,"href":"https:\/\/ozel.az\/en\/wp-json\/wp\/v2\/media\/5989"}],"wp:attachment":[{"href":"https:\/\/ozel.az\/en\/wp-json\/wp\/v2\/media?parent=5988"}],"wp:term":[{"taxonomy":"product_cat","embeddable":true,"href":"https:\/\/ozel.az\/en\/wp-json\/wp\/v2\/product_cat?post=5988"},{"taxonomy":"product_tag","embeddable":true,"href":"https:\/\/ozel.az\/en\/wp-json\/wp\/v2\/product_tag?post=5988"}],"curies":[{"name":"wp","href":"https:\/\/api.w.org\/{rel}","templated":true}]}}