{"id":5926,"date":"2024-03-13T13:32:05","date_gmt":"2024-03-13T09:32:05","guid":{"rendered":"https:\/\/ozel.az\/?post_type=product&#038;p=5926"},"modified":"2024-03-13T13:32:05","modified_gmt":"2024-03-13T09:32:05","slug":"t%c9%99bii-sabun-si-yagi-v%c9%99-qizilgullu","status":"publish","type":"product","link":"https:\/\/ozel.az\/en\/product\/t%c9%99bii-sabun-si-yagi-v%c9%99-qizilgullu\/","title":{"rendered":"T\u0259bii sabun &#8211; \u015ei ya\u011f\u0131 v\u0259 q\u0131z\u0131lg\u00fcll\u00fc"},"content":{"rendered":"<p>Kolleksiya: \u00d6z\u0259l Qad\u0131n<\/p>\n<p>Material: T\u0259bii sabun<\/p>\n<p>R\u0259ng: \u00c7\u0259hray\u0131<\/p>\n<p>Qiym\u0259t: 15 AZN<\/p>\n<p>M\u0259hsul bar\u0259d\u0259: T\u0259bii sabundan haz\u0131rlan\u0131b.<\/p>\n<p>M\u0259hsullar\u0131 h\u0259m sifari\u015fl\u0259, h\u0259m d\u0259 \u015fouruma yax\u0131nla\u015faraq \u0259ld\u0259 ed\u0259 bil\u0259rsiniz.<\/p>\n<p>\u00d6z\u0259l g\u00fcnl\u0259riniz \u00fc\u00e7\u00fcn \u00f6z \u0259ll\u0259rimizl\u0259 haz\u0131rlam\u0131\u015f\u0131q!<\/p>\n","protected":false},"excerpt":{"rendered":"<p>Kolleksiya: \u00d6z\u0259l Qad\u0131n Material: T\u0259bii sabun R\u0259ng: \u00c7\u0259hray\u0131 Qiym\u0259t: 15 AZN M\u0259hsul bar\u0259d\u0259: T\u0259bii sabundan haz\u0131rlan\u0131b. M\u0259hsullar\u0131 h\u0259m sifari\u015fl\u0259, h\u0259m d\u0259 \u015fouruma yax\u0131nla\u015faraq \u0259ld\u0259 ed\u0259 bil\u0259rsiniz. \u00d6z\u0259l g\u00fcnl\u0259riniz \u00fc\u00e7\u00fcn \u00f6z \u0259ll\u0259rimizl\u0259 haz\u0131rlam\u0131\u015f\u0131q!<\/p>\n","protected":false},"featured_media":5939,"comment_status":"open","ping_status":"closed","template":"","meta":[],"product_cat":[133],"product_tag":[121,103,118,134,135],"class_list":["post-5926","product","type-product","status-publish","has-post-thumbnail","hentry","product_cat-sabunlar","product_tag-l-isi","product_tag-hdiyy","product_tag-ozl-qadin","product_tag-sabun","product_tag-tbii-sabun"],"_links":{"self":[{"href":"https:\/\/ozel.az\/en\/wp-json\/wp\/v2\/product\/5926","targetHints":{"allow":["GET"]}}],"collection":[{"href":"https:\/\/ozel.az\/en\/wp-json\/wp\/v2\/product"}],"about":[{"href":"https:\/\/ozel.az\/en\/wp-json\/wp\/v2\/types\/product"}],"replies":[{"embeddable":true,"href":"https:\/\/ozel.az\/en\/wp-json\/wp\/v2\/comments?post=5926"}],"wp:featuredmedia":[{"embeddable":true,"href":"https:\/\/ozel.az\/en\/wp-json\/wp\/v2\/media\/5939"}],"wp:attachment":[{"href":"https:\/\/ozel.az\/en\/wp-json\/wp\/v2\/media?parent=5926"}],"wp:term":[{"taxonomy":"product_cat","embeddable":true,"href":"https:\/\/ozel.az\/en\/wp-json\/wp\/v2\/product_cat?post=5926"},{"taxonomy":"product_tag","embeddable":true,"href":"https:\/\/ozel.az\/en\/wp-json\/wp\/v2\/product_tag?post=5926"}],"curies":[{"name":"wp","href":"https:\/\/api.w.org\/{rel}","templated":true}]}}